{"id":4067,"date":"2008-04-12T07:18:44","date_gmt":"2008-04-12T06:18:44","guid":{"rendered":"http:\/\/www.trinergy.at\/elisabeths-lebensfreude-blog\/?page_id=4067"},"modified":"2018-05-09T13:15:47","modified_gmt":"2018-05-09T12:15:47","slug":"about","status":"publish","type":"page","link":"https:\/\/www.ornauer.at\/lebensfreude-blog\/about\/","title":{"rendered":"Das bin ich"},"content":{"rendered":"<p>[et_pb_section fb_built=&#8221;1&#8243; fullwidth=&#8221;on&#8221; custom_padding_last_edited=&#8221;on|desktop&#8221; admin_label=&#8221;Sektion&#8221; _builder_version=&#8221;3.0.47&#8243; custom_padding_tablet=&#8221;50px|0|50px|0&#8243; transparent_background=&#8221;off&#8221; padding_mobile=&#8221;off&#8221;][et_pb_fullwidth_slider admin_label=&#8221;Vollbreiter Slider&#8221; _builder_version=&#8221;3.2.1&#8243; background_size=&#8221;default&#8221; background_position=&#8221;default&#8221; box_shadow_style=&#8221;preset6&#8243; box_shadow_blur=&#8221;10px&#8221; box_shadow_color=&#8221;rgba(0,0,0,0.1)&#8221; custom_padding=&#8221;|||&#8221; custom_padding_tablet=&#8221;|||&#8221; custom_padding_phone=&#8221;|||&#8221; remove_inner_shadow=&#8221;off&#8221; hide_content_on_mobile=&#8221;off&#8221; hide_cta_on_mobile=&#8221;off&#8221; show_inner_shadow=&#8221;on&#8221;][et_pb_slide use_bg_overlay=&#8221;off&#8221; use_text_overlay=&#8221;off&#8221; _builder_version=&#8221;3.2.1&#8243; header_font=&#8221;||||&#8221; body_font=&#8221;||||&#8221; background_color=&#8221;#ffffff&#8221; background_image=&#8221;https:\/\/www.ornauer.at\/lebensfreude-blog\/wp-content\/uploads\/2016\/02\/zauberwort_logo.jpg&#8221; background_size=&#8221;contain&#8221; button_icon_placement=&#8221;right&#8221; button_on_hover=&#8221;on&#8221;] [\/et_pb_slide][\/et_pb_fullwidth_slider][et_pb_fullwidth_menu menu_id=&#8221;6651&#8243; submenu_direction=&#8221;downwards&#8221; fullwidth_menu=&#8221;off&#8221; admin_label=&#8221;Vollbreites Men\u00fc&#8221; _builder_version=&#8221;3.0.47&#8243; menu_font_size=&#8221;20px&#8221; text_orientation=&#8221;center&#8221;] [\/et_pb_fullwidth_menu][\/et_pb_section][et_pb_section fb_built=&#8221;1&#8243; admin_label=&#8221;section&#8221; _builder_version=&#8221;3.0.47&#8243;][et_pb_row admin_label=&#8221;row&#8221; _builder_version=&#8221;3.0.47&#8243; background_size=&#8221;initial&#8221; background_position=&#8221;top_left&#8221; background_repeat=&#8221;repeat&#8221;][et_pb_column type=&#8221;4_4&#8243; _builder_version=&#8221;3.0.47&#8243; parallax=&#8221;off&#8221; parallax_method=&#8221;on&#8221;][et_pb_text admin_label=&#8221;Text&#8221; _builder_version=&#8221;3.2.1&#8243; background_size=&#8221;initial&#8221; background_position=&#8221;top_left&#8221; background_repeat=&#8221;repeat&#8221; use_border_color=&#8221;off&#8221; border_color=&#8221;#ffffff&#8221; border_style=&#8221;solid&#8221;]<a href=\"https:\/\/www.ornauer.at\/lebensfreude-blog\/wp-content\/uploads\/2008\/04\/Elisabeth_Ornauer1.jpg\"><img decoding=\"async\" loading=\"lazy\" class=\"alignleft size-full wp-image-8764\" title=\"Elisabeth Ornauer\" src=\"https:\/\/www.ornauer.at\/lebensfreude-blog\/wp-content\/uploads\/2008\/04\/Elisabeth_Ornauer1.jpg\" alt=\"\" width=\"321\" height=\"482\" srcset=\"https:\/\/www.ornauer.at\/lebensfreude-blog\/wp-content\/uploads\/2008\/04\/Elisabeth_Ornauer1.jpg 321w, https:\/\/www.ornauer.at\/lebensfreude-blog\/wp-content\/uploads\/2008\/04\/Elisabeth_Ornauer1-199x300.jpg 199w\" sizes=\"(max-width: 321px) 100vw, 321px\" \/><\/a><strong>Sch\u00f6n, dass\u00a0DU da bist!<\/strong> \ud83d\ude42<br \/>\nLache mit mir, liebe mit mir und lerne mit mir\u00a0Tag f\u00fcr Tag.<\/p>\n<p>Ich will hier in diesem Blog Lebensfreude z\u00fcnden und Lichtblick sein, von mir erz\u00e4hlen, Lebensweisheiten zitieren und kommentieren, mit Fr\u00f6hlichkeit anstecken, zum Nachdenken anregen und die sch\u00f6nen Dinge des Lebens fokussieren. Denn wenn ich das Sch\u00f6ne sehe und lebe, ziehe ich Sch\u00f6nes an, wenn ich liebe, werde ich geliebt. Wenn ich Gutes tue, geschieht mir Gutes. So einfach ist das.<\/p>\n<p><strong>Komm, zieh mit mir los in die Weiten unserer\u00a0Herzen &#8211; d<\/strong><strong>u bist <span style=\"color: #c4403a;\">&#x2665;<\/span>-lichst eingeladen!<\/strong>\u00a0<strong>Bist du bereit?<\/strong><\/p>\n<p><strong>Meine Name ist Ornauer, Elisabeth Ornauer<\/strong> \ud83d\ude42<br \/>\nInhaberin der Werbeagentur Zauberwort, Texterin, Journalistin, Autorin, Bloggista, Schreibcoach und Moderatorin.<\/p>\n<p><em>Eine echte Wiener Melange mit ungarischen und b\u00f6hmischen Wurzeln. Engagiert. Schreibe f\u00fcr mein Leben gerne, schon seit meiner Kindheit. Empathisch. Geschichtenerz\u00e4hlerin. Zaubere mit Worten, die Menschen bewegen. Achtsam. Liebe B\u00fccher und Yoga, die Berge und das Meer. Ausdauernd. Leidenschaftliche Bloggerin. Familienmensch. Lache von Herzen gerne.<\/em><\/p>\n<p>Jahrelang <strong>Pressesprecherin<\/strong>\u00a0und <strong>Head of Corporate Communications<\/strong> einer der gr\u00f6\u00dften NPOs \u00d6sterreichs, <strong>Marketingleiterin<\/strong> eines Wellbeing-Netzwerkes in Nieder\u00f6sterreich, <strong>Ghostwriterin<\/strong> f\u00fcr Reden und Ansprachen, <strong>Journalistin<\/strong>, Marketing und PR f\u00fcr ein Theaterhaus f\u00fcr die\u00a0Freie Theater- und Tanzszene in Wien, <strong>Vortragende an der Fachhochschule Wien und auf der SEOkomm <\/strong>\u2013 die SEO-Konferenz mit Herzblut in \u00d6sterreich,\u00a0\u00a0Leitung Marketing und PR und <strong>Ausstellungsorganisation<\/strong> in einem Wiener Museum, Autorin des Lebensfreude-Blogs seit 2008, <strong>Kinderbuchautorin <\/strong>und<strong>Sachbuchautorin<\/strong>.<\/p>\n<p>\u201eMeine <strong>gr\u00f6\u00dfte Freude<\/strong> und <strong>Leidenschaft<\/strong> ist seit meiner Kindheit <strong>das Schreiben<\/strong>. Heute kleide ich mit meinem Zauberwort das, was ich wahrnehme, was ich sehe, h\u00f6re und f\u00fchle, in ansprechende, ausdrucksvolle, klare und sch\u00f6ne Worte. Auf diese Weise verwandle ich auch bestehende Texte in\u00a0<strong>federleichte und fl\u00fcssige Texte<\/strong>, die auf den Punkt bringen, worum es geht. <strong>Zauberwort schreibt Texte, die bewegen<\/strong>, motivieren und inspirieren und kreiert Geschichten, die ber\u00fchren und im wahrsten Sinne des Wortes unter die Haut gehen. Ziel der Zauberwort-Texte ist: <strong>bei der jeweiligen Zielgruppe ankommen<\/strong> und <strong>Erfolg bringen<\/strong>.\u201c<\/p>\n<p><span style=\"color: #cb3734;\">&#x2665;<\/span> <strong>Was ich liebe<\/strong>: den Duft von frisch gem\u00e4htem Gras, von bl\u00fchenden Akazien und Linden und Rosen, beim Laufen durch den Wald Feuersalamandern oder Rehen oder F\u00fcchsen begegnen, das Meer in st\u00e4ndigem Wandel von Ebbe und Flut, vom Berggipfel ins Tal hinab schauen, alle Farben des Regenbogens, wilde Orchideen entdecken&#8230;<\/p>\n<p><span style=\"color: #cb3734;\">&#x2665;<\/span> <strong>Was ich arbeite<\/strong>:\u00a0Ich texte mit Begeisterung von Kindesbeinen an, schreibe leidenschaftlich Geschichten f\u00fcr Kinder und Erwachsene, liebe das Spiel mit der Sprache und lektoriere daher f\u00fcr mein Leben gerne.<\/p>\n<p><strong>Lass dich verzaubern und bezaubern und mach den ersten Schritt, deine Tr\u00e4ume zu leben!<br \/>\n<\/strong><\/p>\n<p>Herzlichst,<br \/>\nElisabeth<\/p>\n<p>P.S.: Das Foto oben\u00a0hat\u00a0\u00fcbrigens <a href=\"http:\/\/www.anzenberger-fink.com\/pages\/intro.php\" target=\"_blank\">Christina Anzenberger-Fink<\/a>\u00a0von mir gemacht! *l\u00e4chel*[\/et_pb_text][\/et_pb_column][\/et_pb_row][\/et_pb_section][et_pb_section fb_built=&#8221;1&#8243; fullwidth=&#8221;on&#8221; custom_padding_last_edited=&#8221;on|desktop&#8221; admin_label=&#8221;Sektion&#8221; _builder_version=&#8221;3.0.47&#8243; background_color=&#8221;#969696&#8243; custom_padding_tablet=&#8221;50px|0|50px|0&#8243; transparent_background=&#8221;off&#8221; padding_mobile=&#8221;off&#8221; global_module=&#8221;13981&#8243;][et_pb_fullwidth_menu menu_id=&#8221;6671&#8243; submenu_direction=&#8221;downwards&#8221; fullwidth_menu=&#8221;off&#8221; _builder_version=&#8221;3.0.47&#8243; menu_font_size=&#8221;18px&#8221; background_color=&#8221;rgba(255,255,255,0)&#8221; background_layout=&#8221;dark&#8221;][\/et_pb_fullwidth_menu][\/et_pb_section]<\/p>\n<span class=\"et_bloom_bottom_trigger\"><\/span>","protected":false},"excerpt":{"rendered":"<p>Sch\u00f6n, dass\u00a0DU da bist! \ud83d\ude42 Lache mit mir, liebe mit mir und lerne mit mir\u00a0Tag f\u00fcr Tag. Ich will hier in diesem Blog Lebensfreude z\u00fcnden und Lichtblick sein, von mir erz\u00e4hlen, Lebensweisheiten zitieren und kommentieren, mit Fr\u00f6hlichkeit anstecken, zum Nachdenken anregen und die sch\u00f6nen Dinge des Lebens fokussieren. Denn wenn ich das Sch\u00f6ne sehe und [&hellip;]<\/p>\n","protected":false},"author":1,"featured_media":0,"parent":0,"menu_order":60,"comment_status":"open","ping_status":"closed","template":"page-template-blank.php","meta":{"_et_pb_use_builder":"on","_et_pb_old_content":"<p>\u00a0<\/p><p>\u00a0\u00a0<a href=\"http:\/\/www.ornauer.at\/lebensfreude-blog\/wp-content\/uploads\/2008\/04\/Elisabeth_Ornauer1.jpg\"><img class=\"alignleft size-full wp-image-8764\" title=\"Elisabeth Ornauer\" src=\"http:\/\/www.ornauer.at\/lebensfreude-blog\/wp-content\/uploads\/2008\/04\/Elisabeth_Ornauer1.jpg\" alt=\"\" width=\"321\" height=\"482\" \/><\/a>\u00a0\u00a0<br \/><strong>Sch\u00f6n, dass\u00a0DU da bist!<\/strong> :-) Ich habe schon so lange genau auf DICH gewartet! :-)<br \/>Lache mit mir, liebe mit mir und lerne mit mir\u00a0Tag f\u00fcr Tag. Und schreibe mir, was du dar\u00fcber denkst und was du dabei f\u00fchlst, wenn du meine Zeilen liest!<\/p><p>Ich will hier in diesem Blog Lebensfreude z\u00fcnden und Lichtblick sein, von mir erz\u00e4hlen, Lebensweisheiten zitieren und kommentieren, mit Fr\u00f6hlichkeit anstecken, zum Nachdenken anregen, Gleichgesinnte suchen und finden, mich austauschen \u00fcber die drei wichtigsten L\u00b4s im Leben - Lachen, Lernen und Lieben, einfach \"ich\" sein und die sch\u00f6nen Dinge des Lebens fokussieren. Denn wenn ich das Sch\u00f6ne sehe und lebe, ziehe ich Sch\u00f6nes an, wenn ich liebe, werde ich geliebt. So einfach ist das.<\/p><p><strong>Komm, zieh mit mir los in die Weiten meines Herzens und erforsche gemeinsam mit mir auch die Tiefen deines eigenen Herzens! <\/strong><strong>Du bist <span style=\"color: #c4403a;\">\u2665<\/span>-lichst eingeladen!<\/strong>\u00a0<strong>Bist du bereit?<\/strong>\u00a0<\/p><p><span style=\"color: #cb3734;\">\u2665\u00a0<\/span>Ich erblickte das Licht der Welt an einem strahlenden Novembertag 1972 in Wien. Ich bin mir ganz sicher, dass an meinem Geburtstag die Sonne durch den Novembernebel geschienen und ein fr\u00f6hliches T\u00e4nzchen gewagt hat :-)<\/p><p><span style=\"color: #cb3734;\">\u2665<\/span> Ich lache, lerne, liebe, lebe und arbeite nebenbei seitdem ebenda.<\/p><p><span style=\"color: #cb3734;\">\u2665<\/span> <strong>Wor\u00fcber ich lache<\/strong>: in erster Linie \u00fcber mich selbst, aber auch sehr gerne zusammen mit anderen\u00a0- wer\u00b4s nicht glaubt, \u00fcber sich selbst zu lachen kann man lernen.<\/p><p><span style=\"color: #cb3734;\">\u2665<\/span> <strong>Was ich lerne<\/strong>: \u00fcber mich selbst zu lachen, t\u00e4glich\u00a0von Neuem\u00a0;-) Ich bin erst am Anfang und lerne\u00a0Tag f\u00fcr Tag\u00a0vom und \u00fcber das Leben, von anderen - von DIR etwa! -\u00a0und \u00fcber mich selbst.<\/p><p><span style=\"color: #cb3734;\">\u2665<\/span> <strong>Was ich liebe<\/strong>: den Duft von frisch gem\u00e4htem Gras, von bl\u00fchenden Akazien und Linden und Rosen, beim Laufen durch den Wald Feuersalamandern oder Rehen oder F\u00fcchsen begegnen, das Meer in st\u00e4ndigem Wandel von Ebbe und Flut, vom Berggipfel ins Tal hinab schauen, alle Farben des Regenbogens, wilde Orchideen, Schokolade zum Fr\u00fchst\u00fcck...<\/p><p><span style=\"color: #cb3734;\">\u2665<\/span> <strong>Wie ich lebe<\/strong>: Ich \u00f6ffne mein Herz gegen\u00fcber jedem, der dieses Geschenk annehmen kann und begegne jedem Tag am Morgen mit Liebe, Dankbarkeit und Demut.<\/p><p><span style=\"color: #cb3734;\">\u2665<\/span> <strong>Was ich arbeite<\/strong>: Ich verbreitete vier Jahre\u00a0lang\u00a0das Wissen um den heilenden Humor der Rote Nasen Clowndoctors, m\u00f6chte aber hinzuf\u00fcgen, dass ich selbst den Beruf des Clowndoctors <em>nicht<\/em> aus\u00fcbte - zumindest nicht offiziell ;-) Nun widme ich mich der LEBENSFREUDE pur!<\/p><p><strong>Lass dich verzaubern und bezaubern und mach den ersten Schritt, deine Tr\u00e4ume zu leben!<br \/>Du wei\u00dft schon: W\u00fcnsche werden wahr...<\/strong><\/p><p>Eine <span style=\"color: #cb3734;\">\u2665<span style=\"color: #000000;\">-liche Umarmung von Elisabeth<\/span><\/span><\/p><p>P.S.: Das Foto oben\u00a0hat\u00a0\u00fcbrigens <a href=\"http:\/\/www.anzenberger-fink.com\/pages\/intro.php\" target=\"_blank\">Christina Anzenberger-Fink<\/a>\u00a0von mir gemacht! *l\u00e4chel*<\/p>","_et_gb_content_width":""},"yoast_head":"<!-- This site is optimized with the Yoast SEO plugin v20.4 - https:\/\/yoast.com\/wordpress\/plugins\/seo\/ -->\n<title>Das bin ich - zauberwort - Die Lebensfreude Agentur von Elisabeth Ornauer<\/title>\n<meta name=\"robots\" content=\"index, follow, max-snippet:-1, max-image-preview:large, max-video-preview:-1\" \/>\n<link rel=\"canonical\" href=\"https:\/\/www.ornauer.at\/lebensfreude-blog\/about\/\" \/>\n<meta property=\"og:locale\" content=\"de_DE\" \/>\n<meta property=\"og:type\" content=\"article\" \/>\n<meta property=\"og:title\" content=\"Das bin ich - zauberwort - Die Lebensfreude Agentur von Elisabeth Ornauer\" \/>\n<meta property=\"og:description\" content=\"Sch\u00f6n, dass\u00a0DU da bist! :-) Lache mit mir, liebe mit mir und lerne mit mir\u00a0Tag f\u00fcr Tag. Ich will hier in diesem Blog Lebensfreude z\u00fcnden und Lichtblick sein, von mir erz\u00e4hlen, Lebensweisheiten zitieren und kommentieren, mit Fr\u00f6hlichkeit anstecken, zum Nachdenken anregen und die sch\u00f6nen Dinge des Lebens fokussieren. Denn wenn ich das Sch\u00f6ne sehe und [&hellip;]\" \/>\n<meta property=\"og:url\" content=\"https:\/\/www.ornauer.at\/lebensfreude-blog\/about\/\" \/>\n<meta property=\"og:site_name\" content=\"zauberwort - Die Lebensfreude Agentur von Elisabeth Ornauer\" \/>\n<meta property=\"article:modified_time\" content=\"2018-05-09T12:15:47+00:00\" \/>\n<meta property=\"og:image\" content=\"https:\/\/www.ornauer.at\/lebensfreude-blog\/wp-content\/uploads\/2008\/04\/Elisabeth_Ornauer1.jpg\" \/>\n<meta name=\"twitter:card\" content=\"summary_large_image\" \/>\n<meta name=\"twitter:label1\" content=\"Gesch\u00e4tzte Lesezeit\" \/>\n\t<meta name=\"twitter:data1\" content=\"4\u00a0Minuten\" \/>\n<script type=\"application\/ld+json\" class=\"yoast-schema-graph\">{\"@context\":\"https:\/\/schema.org\",\"@graph\":[{\"@type\":\"WebPage\",\"@id\":\"https:\/\/www.ornauer.at\/lebensfreude-blog\/about\/\",\"url\":\"https:\/\/www.ornauer.at\/lebensfreude-blog\/about\/\",\"name\":\"Das bin ich - zauberwort - Die Lebensfreude Agentur von Elisabeth Ornauer\",\"isPartOf\":{\"@id\":\"https:\/\/www.ornauer.at\/lebensfreude-blog\/#website\"},\"datePublished\":\"2008-04-12T06:18:44+00:00\",\"dateModified\":\"2018-05-09T12:15:47+00:00\",\"breadcrumb\":{\"@id\":\"https:\/\/www.ornauer.at\/lebensfreude-blog\/about\/#breadcrumb\"},\"inLanguage\":\"de\",\"potentialAction\":[{\"@type\":\"ReadAction\",\"target\":[\"https:\/\/www.ornauer.at\/lebensfreude-blog\/about\/\"]}]},{\"@type\":\"BreadcrumbList\",\"@id\":\"https:\/\/www.ornauer.at\/lebensfreude-blog\/about\/#breadcrumb\",\"itemListElement\":[{\"@type\":\"ListItem\",\"position\":1,\"name\":\"Home\",\"item\":\"https:\/\/www.ornauer.at\/lebensfreude-blog\/\"},{\"@type\":\"ListItem\",\"position\":2,\"name\":\"Das bin ich\"}]},{\"@type\":\"WebSite\",\"@id\":\"https:\/\/www.ornauer.at\/lebensfreude-blog\/#website\",\"url\":\"https:\/\/www.ornauer.at\/lebensfreude-blog\/\",\"name\":\"zauberwort - Die Lebensfreude Agentur von Elisabeth Ornauer\",\"description\":\"bringt dein Licht zum Leuchten\",\"potentialAction\":[{\"@type\":\"SearchAction\",\"target\":{\"@type\":\"EntryPoint\",\"urlTemplate\":\"https:\/\/www.ornauer.at\/lebensfreude-blog\/?s={search_term_string}\"},\"query-input\":\"required name=search_term_string\"}],\"inLanguage\":\"de\"}]}<\/script>\n<!-- \/ Yoast SEO plugin. -->","yoast_head_json":{"title":"Das bin ich - zauberwort - Die Lebensfreude Agentur von Elisabeth Ornauer","robots":{"index":"index","follow":"follow","max-snippet":"max-snippet:-1","max-image-preview":"max-image-preview:large","max-video-preview":"max-video-preview:-1"},"canonical":"https:\/\/www.ornauer.at\/lebensfreude-blog\/about\/","og_locale":"de_DE","og_type":"article","og_title":"Das bin ich - zauberwort - Die Lebensfreude Agentur von Elisabeth Ornauer","og_description":"Sch\u00f6n, dass\u00a0DU da bist! :-) Lache mit mir, liebe mit mir und lerne mit mir\u00a0Tag f\u00fcr Tag. Ich will hier in diesem Blog Lebensfreude z\u00fcnden und Lichtblick sein, von mir erz\u00e4hlen, Lebensweisheiten zitieren und kommentieren, mit Fr\u00f6hlichkeit anstecken, zum Nachdenken anregen und die sch\u00f6nen Dinge des Lebens fokussieren. Denn wenn ich das Sch\u00f6ne sehe und [&hellip;]","og_url":"https:\/\/www.ornauer.at\/lebensfreude-blog\/about\/","og_site_name":"zauberwort - Die Lebensfreude Agentur von Elisabeth Ornauer","article_modified_time":"2018-05-09T12:15:47+00:00","og_image":[{"url":"https:\/\/www.ornauer.at\/lebensfreude-blog\/wp-content\/uploads\/2008\/04\/Elisabeth_Ornauer1.jpg"}],"twitter_card":"summary_large_image","twitter_misc":{"Gesch\u00e4tzte Lesezeit":"4\u00a0Minuten"},"schema":{"@context":"https:\/\/schema.org","@graph":[{"@type":"WebPage","@id":"https:\/\/www.ornauer.at\/lebensfreude-blog\/about\/","url":"https:\/\/www.ornauer.at\/lebensfreude-blog\/about\/","name":"Das bin ich - zauberwort - Die Lebensfreude Agentur von Elisabeth Ornauer","isPartOf":{"@id":"https:\/\/www.ornauer.at\/lebensfreude-blog\/#website"},"datePublished":"2008-04-12T06:18:44+00:00","dateModified":"2018-05-09T12:15:47+00:00","breadcrumb":{"@id":"https:\/\/www.ornauer.at\/lebensfreude-blog\/about\/#breadcrumb"},"inLanguage":"de","potentialAction":[{"@type":"ReadAction","target":["https:\/\/www.ornauer.at\/lebensfreude-blog\/about\/"]}]},{"@type":"BreadcrumbList","@id":"https:\/\/www.ornauer.at\/lebensfreude-blog\/about\/#breadcrumb","itemListElement":[{"@type":"ListItem","position":1,"name":"Home","item":"https:\/\/www.ornauer.at\/lebensfreude-blog\/"},{"@type":"ListItem","position":2,"name":"Das bin ich"}]},{"@type":"WebSite","@id":"https:\/\/www.ornauer.at\/lebensfreude-blog\/#website","url":"https:\/\/www.ornauer.at\/lebensfreude-blog\/","name":"zauberwort - Die Lebensfreude Agentur von Elisabeth Ornauer","description":"bringt dein Licht zum Leuchten","potentialAction":[{"@type":"SearchAction","target":{"@type":"EntryPoint","urlTemplate":"https:\/\/www.ornauer.at\/lebensfreude-blog\/?s={search_term_string}"},"query-input":"required name=search_term_string"}],"inLanguage":"de"}]}},"_links":{"self":[{"href":"https:\/\/www.ornauer.at\/lebensfreude-blog\/wp-json\/wp\/v2\/pages\/4067"}],"collection":[{"href":"https:\/\/www.ornauer.at\/lebensfreude-blog\/wp-json\/wp\/v2\/pages"}],"about":[{"href":"https:\/\/www.ornauer.at\/lebensfreude-blog\/wp-json\/wp\/v2\/types\/page"}],"author":[{"embeddable":true,"href":"https:\/\/www.ornauer.at\/lebensfreude-blog\/wp-json\/wp\/v2\/users\/1"}],"replies":[{"embeddable":true,"href":"https:\/\/www.ornauer.at\/lebensfreude-blog\/wp-json\/wp\/v2\/comments?post=4067"}],"version-history":[{"count":0,"href":"https:\/\/www.ornauer.at\/lebensfreude-blog\/wp-json\/wp\/v2\/pages\/4067\/revisions"}],"wp:attachment":[{"href":"https:\/\/www.ornauer.at\/lebensfreude-blog\/wp-json\/wp\/v2\/media?parent=4067"}],"curies":[{"name":"wp","href":"https:\/\/api.w.org\/{rel}","templated":true}]}}