{"id":12970,"date":"2016-02-23T22:56:51","date_gmt":"2016-02-23T21:56:51","guid":{"rendered":"http:\/\/www.die-schneider.at\/test\/?page_id=12970"},"modified":"2020-02-10T12:30:58","modified_gmt":"2020-02-10T11:30:58","slug":"lebensfreude-blog","status":"publish","type":"page","link":"https:\/\/www.ornauer.at\/lebensfreude-blog\/","title":{"rendered":"Lebensfreude-Blog"},"content":{"rendered":"<p>[et_pb_section fb_built=&#8221;1&#8243; fullwidth=&#8221;on&#8221; custom_padding_last_edited=&#8221;on|desktop&#8221; _builder_version=&#8221;3.2.1&#8243; background_color=&#8221;#ffffff&#8221; custom_padding_tablet=&#8221;50px|0|50px|0&#8243; custom_padding_phone=&#8221;&#8221; transparent_background=&#8221;off&#8221; padding_mobile=&#8221;off&#8221; global_module=&#8221;13980&#8243;][et_pb_fullwidth_image src=&#8221;https:\/\/www.ornauer.at\/lebensfreude-blog\/wp-content\/uploads\/2016\/03\/zauberwort_logo.png&#8221; _builder_version=&#8221;4.3.2&#8243; width=&#8221;31%&#8221; module_alignment=&#8221;center&#8221; hover_enabled=&#8221;0&#8243;][\/et_pb_fullwidth_image][et_pb_fullwidth_menu menu_id=&#8221;6651&#8243; submenu_direction=&#8221;downwards&#8221; fullwidth_menu=&#8221;off&#8221; _builder_version=&#8221;4.3.2&#8243; menu_font_size=&#8221;17px&#8221; text_orientation=&#8221;center&#8221; dropdown_menu_animation=&#8221;expand&#8221; hover_enabled=&#8221;0&#8243; menu_font=&#8221;|300||on|||||&#8221; menu_letter_spacing=&#8221;1px&#8221; background_color=&#8221;rgba(124,0,118,0.07)&#8221;][\/et_pb_fullwidth_menu][\/et_pb_section][et_pb_section fb_built=&#8221;1&#8243; custom_padding_last_edited=&#8221;on|desktop&#8221; admin_label=&#8221;section&#8221; _builder_version=&#8221;3.22&#8243; custom_padding_tablet=&#8221;50px|0|50px|0&#8243; custom_padding_phone=&#8221;&#8221; transparent_background=&#8221;off&#8221; padding_mobile=&#8221;off&#8221;][et_pb_row use_custom_gutter=&#8221;on&#8221; gutter_width=&#8221;1&#8243; padding_mobile=&#8221;off&#8221; column_padding_mobile=&#8221;on&#8221; admin_label=&#8221;row&#8221; _builder_version=&#8221;3.25&#8243; background_size=&#8221;initial&#8221; background_position=&#8221;top_left&#8221; background_repeat=&#8221;repeat&#8221;][et_pb_column type=&#8221;4_4&#8243; _builder_version=&#8221;3.25&#8243; custom_padding=&#8221;|||&#8221; custom_padding__hover=&#8221;|||&#8221;][et_pb_blog fullwidth=&#8221;off&#8221; posts_number=&#8221;12&#8243; include_categories=&#8221;3,4,1,1779,5,4256,6,368,6677,453,7,8,9,6721,10,11,12,13,14,15,16,17,18,19,20,21,22,23,24,25,26,27,28,29,30,31,32,33,1780,1764,34,3639,4826,6722,35,36,37,6678,5001,4915,38,39,2348,40,41,42,3546&#8243; show_more=&#8221;on&#8221; show_author=&#8221;off&#8221; show_categories=&#8221;off&#8221; use_overlay=&#8221;on&#8221; overlay_icon_color=&#8221;#ffffff&#8221; hover_overlay_color=&#8221;rgba(194,49,214,0.71)&#8221; hover_icon=&#8221;%%20%%&#8221; _builder_version=&#8221;3.2.1&#8243; use_border_color=&#8221;off&#8221;]<\/p>\n<p>\u00a0<\/p>\n<p>[\/et_pb_blog][\/et_pb_column][\/et_pb_row][\/et_pb_section][et_pb_section fb_built=&#8221;1&#8243; fullwidth=&#8221;on&#8221; custom_padding_last_edited=&#8221;on|desktop&#8221; _builder_version=&#8221;3.22&#8243; background_color=&#8221;#969696&#8243; custom_padding_tablet=&#8221;50px|0|50px|0&#8243; custom_padding_phone=&#8221;&#8221; transparent_background=&#8221;off&#8221; padding_mobile=&#8221;off&#8221; make_fullwidth=&#8221;off&#8221; use_custom_width=&#8221;off&#8221; width_unit=&#8221;on&#8221; global_module=&#8221;13981&#8243;][et_pb_fullwidth_menu menu_id=&#8221;6671&#8243; submenu_direction=&#8221;downwards&#8221; fullwidth_menu=&#8221;off&#8221; _builder_version=&#8221;3.0.47&#8243; menu_font_size=&#8221;18px&#8221; background_color=&#8221;rgba(255,255,255,0)&#8221; background_layout=&#8221;dark&#8221;][\/et_pb_fullwidth_menu][\/et_pb_section]<\/p>\n<span class=\"et_bloom_bottom_trigger\"><\/span>","protected":false},"excerpt":{"rendered":"<p>\u00a0<\/p>\n","protected":false},"author":1,"featured_media":0,"parent":0,"menu_order":10,"comment_status":"closed","ping_status":"closed","template":"page-template-blank.php","meta":{"_et_pb_use_builder":"on","_et_pb_old_content":"","_et_gb_content_width":""},"yoast_head":"<!-- This site is optimized with the Yoast SEO plugin v20.4 - https:\/\/yoast.com\/wordpress\/plugins\/seo\/ -->\n<title>Lebensfreude-Blog von Zauberwort<\/title>\n<meta name=\"description\" content=\"Der Lebensfreude Blog von Elisabeth Ornauer steht f\u00fcr die Freude am Leben, f\u00fcr Inspiration, f\u00fcr die Freude am Kommunizieren und Schreiben, f\u00fcr Nachdenkliches und Am\u00fcsantes.\" \/>\n<meta name=\"robots\" content=\"index, follow, max-snippet:-1, max-image-preview:large, max-video-preview:-1\" \/>\n<link rel=\"canonical\" href=\"https:\/\/www.ornauer.at\/lebensfreude-blog\/\" \/>\n<meta property=\"og:locale\" content=\"de_DE\" \/>\n<meta property=\"og:type\" content=\"article\" \/>\n<meta property=\"og:title\" content=\"Lebensfreude-Blog von Zauberwort\" \/>\n<meta property=\"og:description\" content=\"Der Lebensfreude Blog von Elisabeth Ornauer steht f\u00fcr die Freude am Leben, f\u00fcr Inspiration, f\u00fcr die Freude am Kommunizieren und Schreiben, f\u00fcr Nachdenkliches und Am\u00fcsantes.\" \/>\n<meta property=\"og:url\" content=\"https:\/\/www.ornauer.at\/lebensfreude-blog\/\" \/>\n<meta property=\"og:site_name\" content=\"zauberwort - Die Lebensfreude Agentur von Elisabeth Ornauer\" \/>\n<meta property=\"article:modified_time\" content=\"2020-02-10T11:30:58+00:00\" \/>\n<meta name=\"twitter:card\" content=\"summary_large_image\" \/>\n<meta name=\"twitter:label1\" content=\"Gesch\u00e4tzte Lesezeit\" \/>\n\t<meta name=\"twitter:data1\" content=\"2\u00a0Minuten\" \/>\n<script type=\"application\/ld+json\" class=\"yoast-schema-graph\">{\"@context\":\"https:\/\/schema.org\",\"@graph\":[{\"@type\":\"WebPage\",\"@id\":\"https:\/\/www.ornauer.at\/lebensfreude-blog\/\",\"url\":\"https:\/\/www.ornauer.at\/lebensfreude-blog\/\",\"name\":\"Lebensfreude-Blog von Zauberwort\",\"isPartOf\":{\"@id\":\"https:\/\/www.ornauer.at\/lebensfreude-blog\/#website\"},\"datePublished\":\"2016-02-23T21:56:51+00:00\",\"dateModified\":\"2020-02-10T11:30:58+00:00\",\"description\":\"Der Lebensfreude Blog von Elisabeth Ornauer steht f\u00fcr die Freude am Leben, f\u00fcr Inspiration, f\u00fcr die Freude am Kommunizieren und Schreiben, f\u00fcr Nachdenkliches und Am\u00fcsantes.\",\"breadcrumb\":{\"@id\":\"https:\/\/www.ornauer.at\/lebensfreude-blog\/#breadcrumb\"},\"inLanguage\":\"de\",\"potentialAction\":[{\"@type\":\"ReadAction\",\"target\":[\"https:\/\/www.ornauer.at\/lebensfreude-blog\/\"]}]},{\"@type\":\"BreadcrumbList\",\"@id\":\"https:\/\/www.ornauer.at\/lebensfreude-blog\/#breadcrumb\",\"itemListElement\":[{\"@type\":\"ListItem\",\"position\":1,\"name\":\"Home\",\"item\":\"https:\/\/www.ornauer.at\/lebensfreude-blog\/\"},{\"@type\":\"ListItem\",\"position\":2,\"name\":\"Lebensfreude-Blog\"}]},{\"@type\":\"WebSite\",\"@id\":\"https:\/\/www.ornauer.at\/lebensfreude-blog\/#website\",\"url\":\"https:\/\/www.ornauer.at\/lebensfreude-blog\/\",\"name\":\"zauberwort - Die Lebensfreude Agentur von Elisabeth Ornauer\",\"description\":\"bringt dein Licht zum Leuchten\",\"potentialAction\":[{\"@type\":\"SearchAction\",\"target\":{\"@type\":\"EntryPoint\",\"urlTemplate\":\"https:\/\/www.ornauer.at\/lebensfreude-blog\/?s={search_term_string}\"},\"query-input\":\"required name=search_term_string\"}],\"inLanguage\":\"de\"}]}<\/script>\n<!-- \/ Yoast SEO plugin. -->","yoast_head_json":{"title":"Lebensfreude-Blog von Zauberwort","description":"Der Lebensfreude Blog von Elisabeth Ornauer steht f\u00fcr die Freude am Leben, f\u00fcr Inspiration, f\u00fcr die Freude am Kommunizieren und Schreiben, f\u00fcr Nachdenkliches und Am\u00fcsantes.","robots":{"index":"index","follow":"follow","max-snippet":"max-snippet:-1","max-image-preview":"max-image-preview:large","max-video-preview":"max-video-preview:-1"},"canonical":"https:\/\/www.ornauer.at\/lebensfreude-blog\/","og_locale":"de_DE","og_type":"article","og_title":"Lebensfreude-Blog von Zauberwort","og_description":"Der Lebensfreude Blog von Elisabeth Ornauer steht f\u00fcr die Freude am Leben, f\u00fcr Inspiration, f\u00fcr die Freude am Kommunizieren und Schreiben, f\u00fcr Nachdenkliches und Am\u00fcsantes.","og_url":"https:\/\/www.ornauer.at\/lebensfreude-blog\/","og_site_name":"zauberwort - Die Lebensfreude Agentur von Elisabeth Ornauer","article_modified_time":"2020-02-10T11:30:58+00:00","twitter_card":"summary_large_image","twitter_misc":{"Gesch\u00e4tzte Lesezeit":"2\u00a0Minuten"},"schema":{"@context":"https:\/\/schema.org","@graph":[{"@type":"WebPage","@id":"https:\/\/www.ornauer.at\/lebensfreude-blog\/","url":"https:\/\/www.ornauer.at\/lebensfreude-blog\/","name":"Lebensfreude-Blog von Zauberwort","isPartOf":{"@id":"https:\/\/www.ornauer.at\/lebensfreude-blog\/#website"},"datePublished":"2016-02-23T21:56:51+00:00","dateModified":"2020-02-10T11:30:58+00:00","description":"Der Lebensfreude Blog von Elisabeth Ornauer steht f\u00fcr die Freude am Leben, f\u00fcr Inspiration, f\u00fcr die Freude am Kommunizieren und Schreiben, f\u00fcr Nachdenkliches und Am\u00fcsantes.","breadcrumb":{"@id":"https:\/\/www.ornauer.at\/lebensfreude-blog\/#breadcrumb"},"inLanguage":"de","potentialAction":[{"@type":"ReadAction","target":["https:\/\/www.ornauer.at\/lebensfreude-blog\/"]}]},{"@type":"BreadcrumbList","@id":"https:\/\/www.ornauer.at\/lebensfreude-blog\/#breadcrumb","itemListElement":[{"@type":"ListItem","position":1,"name":"Home","item":"https:\/\/www.ornauer.at\/lebensfreude-blog\/"},{"@type":"ListItem","position":2,"name":"Lebensfreude-Blog"}]},{"@type":"WebSite","@id":"https:\/\/www.ornauer.at\/lebensfreude-blog\/#website","url":"https:\/\/www.ornauer.at\/lebensfreude-blog\/","name":"zauberwort - Die Lebensfreude Agentur von Elisabeth Ornauer","description":"bringt dein Licht zum Leuchten","potentialAction":[{"@type":"SearchAction","target":{"@type":"EntryPoint","urlTemplate":"https:\/\/www.ornauer.at\/lebensfreude-blog\/?s={search_term_string}"},"query-input":"required name=search_term_string"}],"inLanguage":"de"}]}},"_links":{"self":[{"href":"https:\/\/www.ornauer.at\/lebensfreude-blog\/wp-json\/wp\/v2\/pages\/12970"}],"collection":[{"href":"https:\/\/www.ornauer.at\/lebensfreude-blog\/wp-json\/wp\/v2\/pages"}],"about":[{"href":"https:\/\/www.ornauer.at\/lebensfreude-blog\/wp-json\/wp\/v2\/types\/page"}],"author":[{"embeddable":true,"href":"https:\/\/www.ornauer.at\/lebensfreude-blog\/wp-json\/wp\/v2\/users\/1"}],"replies":[{"embeddable":true,"href":"https:\/\/www.ornauer.at\/lebensfreude-blog\/wp-json\/wp\/v2\/comments?post=12970"}],"version-history":[{"count":0,"href":"https:\/\/www.ornauer.at\/lebensfreude-blog\/wp-json\/wp\/v2\/pages\/12970\/revisions"}],"wp:attachment":[{"href":"https:\/\/www.ornauer.at\/lebensfreude-blog\/wp-json\/wp\/v2\/media?parent=12970"}],"curies":[{"name":"wp","href":"https:\/\/api.w.org\/{rel}","templated":true}]}}